{"id":439,"date":"2023-06-12T09:49:10","date_gmt":"2023-06-12T06:49:10","guid":{"rendered":"https:\/\/conformitate.ro\/?page_id=439"},"modified":"2023-06-19T16:56:27","modified_gmt":"2023-06-19T13:56:27","slug":"consultanta-in-certificari","status":"publish","type":"page","link":"https:\/\/conformitate.ro\/en\/servicii\/consultanta-in-certificari\/","title":{"rendered":"Certification Consulting"},"content":{"rendered":"<div data-elementor-type=\"wp-page\" data-elementor-id=\"439\" class=\"elementor elementor-439\" data-elementor-post-type=\"page\">\n\t\t\t\t\t\t<section class=\"elementor-section elementor-top-section elementor-element elementor-element-e849a9f ct-section-stretched elementor-section-boxed elementor-section-height-default elementor-section-height-default\" data-id=\"e849a9f\" data-element_type=\"section\" data-e-type=\"section\" data-settings=\"{&quot;background_background&quot;:&quot;classic&quot;}\">\n\t\t\t\t\t\t<div class=\"elementor-container elementor-column-gap-default\">\n\t\t\t\t\t<div class=\"elementor-column elementor-col-100 elementor-top-column elementor-element elementor-element-1edaee7\" data-id=\"1edaee7\" data-element_type=\"column\" data-e-type=\"column\">\n\t\t\t<div class=\"elementor-widget-wrap elementor-element-populated\">\n\t\t\t\t\t\t<div class=\"elementor-element elementor-element-d9872ea elementor-widget elementor-widget-heading\" data-id=\"d9872ea\" data-element_type=\"widget\" data-e-type=\"widget\" data-widget_type=\"heading.default\">\n\t\t\t\t<div class=\"elementor-widget-container\">\n\t\t\t\t\t<h2 class=\"elementor-heading-title elementor-size-default\">Certification Consulting<\/h2>\t\t\t\t<\/div>\n\t\t\t\t<\/div>\n\t\t\t\t\t<\/div>\n\t\t<\/div>\n\t\t\t\t\t<\/div>\n\t\t<\/section>\n\t\t<div class=\"elementor-element elementor-element-f75a002 e-flex e-con-boxed e-con e-parent\" data-id=\"f75a002\" data-element_type=\"container\" data-e-type=\"container\" data-settings=\"{&quot;background_background&quot;:&quot;classic&quot;}\">\n\t\t\t\t\t<div class=\"e-con-inner\">\n\t\t<div class=\"elementor-element elementor-element-fa5d0c6 e-con-full e-flex e-con e-parent\" data-id=\"fa5d0c6\" data-element_type=\"container\" data-e-type=\"container\">\n\t\t\t\t<div class=\"elementor-element elementor-element-7d2a99d elementor-widget__width-initial elementor-widget elementor-widget-text-editor\" data-id=\"7d2a99d\" data-element_type=\"widget\" data-e-type=\"widget\" data-widget_type=\"text-editor.default\">\n\t\t\t\t<div class=\"elementor-widget-container\">\n\t\t\t\t\t\t\t\t\t<p class=\"translation-block\">We offer specialized consultancy services in both voluntary and mandatory certification, aimed at ensuring your compliance with applicable standards and enhancing your customer trust, thereby improving access to European markets. \n<br>You can benefit from our support in:<\/p>\t\t\t\t\t\t\t\t<\/div>\n\t\t\t\t<\/div>\n\t\t\t\t<\/div>\n\t\t<div class=\"elementor-element elementor-element-d71e9a6 e-flex e-con-boxed e-con e-parent\" data-id=\"d71e9a6\" data-element_type=\"container\" data-e-type=\"container\">\n\t\t\t\t\t<div class=\"e-con-inner\">\n\t\t<div class=\"elementor-element elementor-element-104db7c e-flex e-con-boxed e-con e-parent\" data-id=\"104db7c\" data-element_type=\"container\" data-e-type=\"container\">\n\t\t\t\t\t<div class=\"e-con-inner\">\n\t\t\t\t<div class=\"elementor-element elementor-element-ce05f01 elementor-vertical-align-top elementor-widget elementor-widget-image-box\" data-id=\"ce05f01\" data-element_type=\"widget\" data-e-type=\"widget\" data-widget_type=\"image-box.default\">\n\t\t\t\t<div class=\"elementor-widget-container\">\n\t\t\t\t\t<div class=\"elementor-image-box-wrapper\"><figure class=\"elementor-image-box-img\"><img fetchpriority=\"high\" decoding=\"async\" width=\"751\" height=\"751\" src=\"https:\/\/conformitate.ro\/wp-content\/uploads\/2023\/06\/Identificarea-tipului-de-certificare-@3x.png\" class=\"attachment-full size-full wp-image-444\" alt=\"\" srcset=\"https:\/\/conformitate.ro\/wp-content\/uploads\/2023\/06\/Identificarea-tipului-de-certificare-@3x.png 751w, https:\/\/conformitate.ro\/wp-content\/uploads\/2023\/06\/Identificarea-tipului-de-certificare-@3x-300x300.png 300w, https:\/\/conformitate.ro\/wp-content\/uploads\/2023\/06\/Identificarea-tipului-de-certificare-@3x-150x150.png 150w\" sizes=\"(max-width: 751px) 100vw, 751px\" \/><\/figure><div class=\"elementor-image-box-content\"><p class=\"elementor-image-box-description\">Identifying the applicable type of certification (mandatory or voluntary) and the object of the certification (product\/process\/service)<\/p><\/div><\/div>\t\t\t\t<\/div>\n\t\t\t\t<\/div>\n\t\t\t\t\t<\/div>\n\t\t\t\t<\/div>\n\t\t<div class=\"elementor-element elementor-element-ed6640d e-con-full e-flex e-con e-parent\" data-id=\"ed6640d\" data-element_type=\"container\" data-e-type=\"container\">\n\t\t\t\t<div class=\"elementor-element elementor-element-21fba70 elementor-vertical-align-top elementor-widget elementor-widget-image-box\" data-id=\"21fba70\" data-element_type=\"widget\" data-e-type=\"widget\" data-widget_type=\"image-box.default\">\n\t\t\t\t<div class=\"elementor-widget-container\">\n\t\t\t\t\t<div class=\"elementor-image-box-wrapper\"><figure class=\"elementor-image-box-img\"><img decoding=\"async\" width=\"751\" height=\"751\" src=\"https:\/\/conformitate.ro\/wp-content\/uploads\/2023\/06\/Identificarea-si-achizitia-standardelor-tehnice-@3x.png\" class=\"attachment-full size-full wp-image-445\" alt=\"\" srcset=\"https:\/\/conformitate.ro\/wp-content\/uploads\/2023\/06\/Identificarea-si-achizitia-standardelor-tehnice-@3x.png 751w, https:\/\/conformitate.ro\/wp-content\/uploads\/2023\/06\/Identificarea-si-achizitia-standardelor-tehnice-@3x-300x300.png 300w, https:\/\/conformitate.ro\/wp-content\/uploads\/2023\/06\/Identificarea-si-achizitia-standardelor-tehnice-@3x-150x150.png 150w\" sizes=\"(max-width: 751px) 100vw, 751px\" \/><\/figure><div class=\"elementor-image-box-content\"><p class=\"elementor-image-box-description\">Identifying and acquiring the applicable technical standards for certification and the NACE code of the activity<\/p><\/div><\/div>\t\t\t\t<\/div>\n\t\t\t\t<\/div>\n\t\t\t\t<\/div>\n\t\t<div class=\"elementor-element elementor-element-89498f6 e-con-full e-flex e-con e-parent\" data-id=\"89498f6\" data-element_type=\"container\" data-e-type=\"container\">\n\t\t\t\t<div class=\"elementor-element elementor-element-bf6d785 elementor-vertical-align-top elementor-widget elementor-widget-image-box\" data-id=\"bf6d785\" data-element_type=\"widget\" data-e-type=\"widget\" data-widget_type=\"image-box.default\">\n\t\t\t\t<div class=\"elementor-widget-container\">\n\t\t\t\t\t<div class=\"elementor-image-box-wrapper\"><figure class=\"elementor-image-box-img\"><img decoding=\"async\" width=\"751\" height=\"751\" src=\"https:\/\/conformitate.ro\/wp-content\/uploads\/2023\/06\/Identificarea-organismului-de-certificare@3x.png\" class=\"attachment-full size-full wp-image-446\" alt=\"\" srcset=\"https:\/\/conformitate.ro\/wp-content\/uploads\/2023\/06\/Identificarea-organismului-de-certificare@3x.png 751w, https:\/\/conformitate.ro\/wp-content\/uploads\/2023\/06\/Identificarea-organismului-de-certificare@3x-300x300.png 300w, https:\/\/conformitate.ro\/wp-content\/uploads\/2023\/06\/Identificarea-organismului-de-certificare@3x-150x150.png 150w\" sizes=\"(max-width: 751px) 100vw, 751px\" \/><\/figure><div class=\"elementor-image-box-content\"><p class=\"elementor-image-box-description\">Identifying the suitable certification body\/conformity assessment body and providing assistance throughout the certification and testing stages (if applicable)<\/p><\/div><\/div>\t\t\t\t<\/div>\n\t\t\t\t<\/div>\n\t\t\t\t<\/div>\n\t\t<div class=\"elementor-element elementor-element-aec2e84 e-con-full e-flex e-con e-parent\" data-id=\"aec2e84\" data-element_type=\"container\" data-e-type=\"container\">\n\t\t\t\t<div class=\"elementor-element elementor-element-cb7cd2a elementor-vertical-align-top elementor-widget elementor-widget-image-box\" data-id=\"cb7cd2a\" data-element_type=\"widget\" data-e-type=\"widget\" data-widget_type=\"image-box.default\">\n\t\t\t\t<div class=\"elementor-widget-container\">\n\t\t\t\t\t<div class=\"elementor-image-box-wrapper\"><figure class=\"elementor-image-box-img\"><img loading=\"lazy\" decoding=\"async\" width=\"751\" height=\"751\" src=\"https:\/\/conformitate.ro\/wp-content\/uploads\/2023\/06\/Elaborarea-documentatiei-tehnice-@3x.png\" class=\"attachment-full size-full wp-image-447\" alt=\"\" srcset=\"https:\/\/conformitate.ro\/wp-content\/uploads\/2023\/06\/Elaborarea-documentatiei-tehnice-@3x.png 751w, https:\/\/conformitate.ro\/wp-content\/uploads\/2023\/06\/Elaborarea-documentatiei-tehnice-@3x-300x300.png 300w, https:\/\/conformitate.ro\/wp-content\/uploads\/2023\/06\/Elaborarea-documentatiei-tehnice-@3x-150x150.png 150w\" sizes=\"(max-width: 751px) 100vw, 751px\" \/><\/figure><div class=\"elementor-image-box-content\"><p class=\"elementor-image-box-description\">Preparation of technical documentation in line with the standardization requirements applicable to the type of certification, necessary for the certification body to carry out the certification<\/p><\/div><\/div>\t\t\t\t<\/div>\n\t\t\t\t<\/div>\n\t\t\t\t<\/div>\n\t\t\t\t\t<\/div>\n\t\t\t\t<\/div>\n\t\t<div class=\"elementor-element elementor-element-c434fb7 e-flex e-con-boxed e-con e-parent\" data-id=\"c434fb7\" data-element_type=\"container\" data-e-type=\"container\">\n\t\t\t\t\t<div class=\"e-con-inner\">\n\t\t<div class=\"elementor-element elementor-element-ccb402e e-con-full e-flex e-con e-parent\" data-id=\"ccb402e\" data-element_type=\"container\" data-e-type=\"container\">\n\t\t\t\t<div class=\"elementor-element elementor-element-1cf7a74 elementor-widget__width-initial elementor-widget elementor-widget-text-editor\" data-id=\"1cf7a74\" data-element_type=\"widget\" data-e-type=\"widget\" data-widget_type=\"text-editor.default\">\n\t\t\t\t<div class=\"elementor-widget-container\">\n\t\t\t\t\t\t\t\t\t<p>Our consulting services make the entire certification process more efficient, secure, and precise.<\/p>\t\t\t\t\t\t\t\t<\/div>\n\t\t\t\t<\/div>\n\t\t\t\t<div class=\"elementor-element elementor-element-97da022 elementor-align-center elementor-widget elementor-widget-button\" data-id=\"97da022\" data-element_type=\"widget\" data-e-type=\"widget\" data-widget_type=\"button.default\">\n\t\t\t\t<div class=\"elementor-widget-container\">\n\t\t\t\t\t\t\t\t\t<div class=\"elementor-button-wrapper\">\n\t\t\t\t\t<a class=\"elementor-button elementor-button-link elementor-size-sm\" href=\"https:\/\/conformitate.ro\/en\/contact\/\">\n\t\t\t\t\t\t<span class=\"elementor-button-content-wrapper\">\n\t\t\t\t\t\t\t\t\t<span class=\"elementor-button-text\">Request a personalized quote<\/span>\n\t\t\t\t\t<\/span>\n\t\t\t\t\t<\/a>\n\t\t\t\t<\/div>\n\t\t\t\t\t\t\t\t<\/div>\n\t\t\t\t<\/div>\n\t\t\t\t<\/div>\n\t\t\t\t\t<\/div>\n\t\t\t\t<\/div>\n\t\t\t\t\t<\/div>\n\t\t\t\t<\/div>\n\t\t\t\t<\/div>","protected":false},"excerpt":{"rendered":"<p>Consultan\u021b\u0103 \u00een certific\u0103ri Oferim servicii de consultan\u021b\u0103 specializat\u0103 \u00een certificarea voluntar\u0103 sau obligatorie, pentru a te sprijini \u00een asigurarea conformitat\u0103\u021bii cu standardele aplicabile \u0219i pentru a-\u021bi \u00eembun\u0103t\u0103\u021bi \u00eencrederea clien\u021bilor \u0219i implicit accesul pe pie\u021bele europene. Beneficiezi de sprijin \u00een: Identificarea tipului de certificare aplicabil\u0103 (obligatorie sau voluntar\u0103) \u0219i a obiectului certific\u0103rii (produs\/ proces\/serviciu). Identificarea \u0219i [&hellip;]<\/p>\n","protected":false},"author":1,"featured_media":0,"parent":158,"menu_order":0,"comment_status":"closed","ping_status":"closed","template":"","meta":{"footnotes":""},"class_list":["post-439","page","type-page","status-publish","hentry"],"blocksy_meta":[],"_links":{"self":[{"href":"https:\/\/conformitate.ro\/en\/wp-json\/wp\/v2\/pages\/439","targetHints":{"allow":["GET"]}}],"collection":[{"href":"https:\/\/conformitate.ro\/en\/wp-json\/wp\/v2\/pages"}],"about":[{"href":"https:\/\/conformitate.ro\/en\/wp-json\/wp\/v2\/types\/page"}],"author":[{"embeddable":true,"href":"https:\/\/conformitate.ro\/en\/wp-json\/wp\/v2\/users\/1"}],"replies":[{"embeddable":true,"href":"https:\/\/conformitate.ro\/en\/wp-json\/wp\/v2\/comments?post=439"}],"version-history":[{"count":0,"href":"https:\/\/conformitate.ro\/en\/wp-json\/wp\/v2\/pages\/439\/revisions"}],"up":[{"embeddable":true,"href":"https:\/\/conformitate.ro\/en\/wp-json\/wp\/v2\/pages\/158"}],"wp:attachment":[{"href":"https:\/\/conformitate.ro\/en\/wp-json\/wp\/v2\/media?parent=439"}],"curies":[{"name":"wp","href":"https:\/\/api.w.org\/{rel}","templated":true}]}}