{"id":400,"date":"2023-06-11T09:06:21","date_gmt":"2023-06-11T06:06:21","guid":{"rendered":"https:\/\/conformitate.ro\/?page_id=400"},"modified":"2023-09-07T11:28:41","modified_gmt":"2023-09-07T08:28:41","slug":"product-compliance","status":"publish","type":"page","link":"https:\/\/conformitate.ro\/en\/servicii\/product-compliance\/","title":{"rendered":"Product compliance"},"content":{"rendered":"<div data-elementor-type=\"wp-page\" data-elementor-id=\"400\" class=\"elementor elementor-400\" data-elementor-post-type=\"page\">\n\t\t\t\t\t\t<section class=\"elementor-section elementor-top-section elementor-element elementor-element-e849a9f ct-section-stretched elementor-section-boxed elementor-section-height-default elementor-section-height-default\" data-id=\"e849a9f\" data-element_type=\"section\" data-e-type=\"section\" data-settings=\"{&quot;background_background&quot;:&quot;classic&quot;}\">\n\t\t\t\t\t\t<div class=\"elementor-container elementor-column-gap-default\">\n\t\t\t\t\t<div class=\"elementor-column elementor-col-100 elementor-top-column elementor-element elementor-element-1edaee7\" data-id=\"1edaee7\" data-element_type=\"column\" data-e-type=\"column\">\n\t\t\t<div class=\"elementor-widget-wrap elementor-element-populated\">\n\t\t\t\t\t\t<div class=\"elementor-element elementor-element-d9872ea elementor-widget elementor-widget-heading\" data-id=\"d9872ea\" data-element_type=\"widget\" data-e-type=\"widget\" data-widget_type=\"heading.default\">\n\t\t\t\t<div class=\"elementor-widget-container\">\n\t\t\t\t\t<h2 class=\"elementor-heading-title elementor-size-default\">Product compliance<\/h2>\t\t\t\t<\/div>\n\t\t\t\t<\/div>\n\t\t\t\t\t<\/div>\n\t\t<\/div>\n\t\t\t\t\t<\/div>\n\t\t<\/section>\n\t\t<div class=\"elementor-element elementor-element-f75a002 e-flex e-con-boxed e-con e-parent\" data-id=\"f75a002\" data-element_type=\"container\" data-e-type=\"container\" data-settings=\"{&quot;background_background&quot;:&quot;classic&quot;}\">\n\t\t\t\t\t<div class=\"e-con-inner\">\n\t\t<div class=\"elementor-element elementor-element-fa5d0c6 e-con-full e-flex e-con e-parent\" data-id=\"fa5d0c6\" data-element_type=\"container\" data-e-type=\"container\">\n\t\t\t\t<div class=\"elementor-element elementor-element-7d2a99d elementor-widget__width-initial elementor-widget elementor-widget-text-editor\" data-id=\"7d2a99d\" data-element_type=\"widget\" data-e-type=\"widget\" data-widget_type=\"text-editor.default\">\n\t\t\t\t<div class=\"elementor-widget-container\">\n\t\t\t\t\t\t\t\t\t<p>We provide top-tier and tailored consulting services, designed not only to help you streamline your internal processes for product compliance but also to complement the activities of your company's product compliance department, in order to prevent the introduction of unsafe products onto the market. \nYou will benefit from:<\/p>\t\t\t\t\t\t\t\t<\/div>\n\t\t\t\t<\/div>\n\t\t\t\t<\/div>\n\t\t<div class=\"elementor-element elementor-element-d71e9a6 e-flex e-con-boxed e-con e-parent\" data-id=\"d71e9a6\" data-element_type=\"container\" data-e-type=\"container\">\n\t\t\t\t\t<div class=\"e-con-inner\">\n\t\t<div class=\"elementor-element elementor-element-104db7c e-flex e-con-boxed e-con e-parent\" data-id=\"104db7c\" data-element_type=\"container\" data-e-type=\"container\">\n\t\t\t\t\t<div class=\"e-con-inner\">\n\t\t\t\t<div class=\"elementor-element elementor-element-ce05f01 elementor-vertical-align-top elementor-widget elementor-widget-image-box\" data-id=\"ce05f01\" data-element_type=\"widget\" data-e-type=\"widget\" data-widget_type=\"image-box.default\">\n\t\t\t\t<div class=\"elementor-widget-container\">\n\t\t\t\t\t<div class=\"elementor-image-box-wrapper\"><figure class=\"elementor-image-box-img\"><img fetchpriority=\"high\" decoding=\"async\" width=\"751\" height=\"751\" src=\"https:\/\/conformitate.ro\/wp-content\/uploads\/2023\/06\/Sprijin-in-obligatiile-pe-care-le-ai@3x.png\" class=\"attachment-full size-full wp-image-406\" alt=\"\" srcset=\"https:\/\/conformitate.ro\/wp-content\/uploads\/2023\/06\/Sprijin-in-obligatiile-pe-care-le-ai@3x.png 751w, https:\/\/conformitate.ro\/wp-content\/uploads\/2023\/06\/Sprijin-in-obligatiile-pe-care-le-ai@3x-300x300.png 300w, https:\/\/conformitate.ro\/wp-content\/uploads\/2023\/06\/Sprijin-in-obligatiile-pe-care-le-ai@3x-150x150.png 150w\" sizes=\"(max-width: 751px) 100vw, 751px\" \/><\/figure><div class=\"elementor-image-box-content\"><p class=\"elementor-image-box-description\">Support in your obligations as a manufacturer\/importer\/distributor regarding product compliance when introducing and\/or putting products in the EU\/EEA market <\/p><\/div><\/div>\t\t\t\t<\/div>\n\t\t\t\t<\/div>\n\t\t\t\t\t<\/div>\n\t\t\t\t<\/div>\n\t\t<div class=\"elementor-element elementor-element-ed6640d e-con-full e-flex e-con e-parent\" data-id=\"ed6640d\" data-element_type=\"container\" data-e-type=\"container\">\n\t\t\t\t<div class=\"elementor-element elementor-element-21fba70 elementor-vertical-align-top elementor-widget elementor-widget-image-box\" data-id=\"21fba70\" data-element_type=\"widget\" data-e-type=\"widget\" data-widget_type=\"image-box.default\">\n\t\t\t\t<div class=\"elementor-widget-container\">\n\t\t\t\t\t<div class=\"elementor-image-box-wrapper\"><figure class=\"elementor-image-box-img\"><img decoding=\"async\" width=\"758\" height=\"759\" src=\"https:\/\/conformitate.ro\/wp-content\/uploads\/2023\/06\/Consiliere-in-intocmirea-documentatiei-@3x.png\" class=\"attachment-full size-full wp-image-407\" alt=\"\" srcset=\"https:\/\/conformitate.ro\/wp-content\/uploads\/2023\/06\/Consiliere-in-intocmirea-documentatiei-@3x.png 758w, https:\/\/conformitate.ro\/wp-content\/uploads\/2023\/06\/Consiliere-in-intocmirea-documentatiei-@3x-300x300.png 300w, https:\/\/conformitate.ro\/wp-content\/uploads\/2023\/06\/Consiliere-in-intocmirea-documentatiei-@3x-150x150.png 150w\" sizes=\"(max-width: 758px) 100vw, 758px\" \/><\/figure><div class=\"elementor-image-box-content\"><p class=\"elementor-image-box-description\">Guidance in preparing the technical documentation of the product, identifying applicable standards and necessary tests, according to the general product safety requirements. (non-regulated sector)<\/p><\/div><\/div>\t\t\t\t<\/div>\n\t\t\t\t<\/div>\n\t\t\t\t<\/div>\n\t\t<div class=\"elementor-element elementor-element-89498f6 e-con-full e-flex e-con e-parent\" data-id=\"89498f6\" data-element_type=\"container\" data-e-type=\"container\">\n\t\t\t\t<div class=\"elementor-element elementor-element-bf6d785 elementor-vertical-align-top elementor-widget elementor-widget-image-box\" data-id=\"bf6d785\" data-element_type=\"widget\" data-e-type=\"widget\" data-widget_type=\"image-box.default\">\n\t\t\t\t<div class=\"elementor-widget-container\">\n\t\t\t\t\t<div class=\"elementor-image-box-wrapper\"><figure class=\"elementor-image-box-img\"><img decoding=\"async\" width=\"751\" height=\"751\" src=\"https:\/\/conformitate.ro\/wp-content\/uploads\/2023\/06\/Intelegerea-tipurilor-de-produse-@3x.png\" class=\"attachment-full size-full wp-image-408\" alt=\"\" srcset=\"https:\/\/conformitate.ro\/wp-content\/uploads\/2023\/06\/Intelegerea-tipurilor-de-produse-@3x.png 751w, https:\/\/conformitate.ro\/wp-content\/uploads\/2023\/06\/Intelegerea-tipurilor-de-produse-@3x-300x300.png 300w, https:\/\/conformitate.ro\/wp-content\/uploads\/2023\/06\/Intelegerea-tipurilor-de-produse-@3x-150x150.png 150w\" sizes=\"(max-width: 751px) 100vw, 751px\" \/><\/figure><div class=\"elementor-image-box-content\"><p class=\"elementor-image-box-description\">Understanding the types of products that require CE marking and the applicable CE compliance assessment procedures. <\/p><\/div><\/div>\t\t\t\t<\/div>\n\t\t\t\t<\/div>\n\t\t\t\t<\/div>\n\t\t<div class=\"elementor-element elementor-element-aec2e84 e-con-full e-flex e-con e-parent\" data-id=\"aec2e84\" data-element_type=\"container\" data-e-type=\"container\">\n\t\t\t\t<div class=\"elementor-element elementor-element-cb7cd2a elementor-vertical-align-top elementor-widget elementor-widget-image-box\" data-id=\"cb7cd2a\" data-element_type=\"widget\" data-e-type=\"widget\" data-widget_type=\"image-box.default\">\n\t\t\t\t<div class=\"elementor-widget-container\">\n\t\t\t\t\t<div class=\"elementor-image-box-wrapper\"><figure class=\"elementor-image-box-img\"><img loading=\"lazy\" decoding=\"async\" width=\"751\" height=\"751\" src=\"https:\/\/conformitate.ro\/wp-content\/uploads\/2023\/06\/Asistenta-in-intocmirea-documentatiei@3x.png\" class=\"attachment-full size-full wp-image-409\" alt=\"\" srcset=\"https:\/\/conformitate.ro\/wp-content\/uploads\/2023\/06\/Asistenta-in-intocmirea-documentatiei@3x.png 751w, https:\/\/conformitate.ro\/wp-content\/uploads\/2023\/06\/Asistenta-in-intocmirea-documentatiei@3x-300x300.png 300w, https:\/\/conformitate.ro\/wp-content\/uploads\/2023\/06\/Asistenta-in-intocmirea-documentatiei@3x-150x150.png 150w\" sizes=\"(max-width: 751px) 100vw, 751px\" \/><\/figure><div class=\"elementor-image-box-content\"><p class=\"elementor-image-box-description\">Assistance in preparing the technical documentation of the product, identifying applicable standards and necessary tests, according to the requirements of applicable EU harmonized legislation (CE regulated sector)<\/p><\/div><\/div>\t\t\t\t<\/div>\n\t\t\t\t<\/div>\n\t\t\t\t<\/div>\n\t\t\t\t\t<\/div>\n\t\t\t\t<\/div>\n\t\t<div class=\"elementor-element elementor-element-5711868 e-flex e-con-boxed e-con e-parent\" data-id=\"5711868\" data-element_type=\"container\" data-e-type=\"container\">\n\t\t\t\t\t<div class=\"e-con-inner\">\n\t\t<div class=\"elementor-element elementor-element-bd08ebb e-flex e-con-boxed e-con e-parent\" data-id=\"bd08ebb\" data-element_type=\"container\" data-e-type=\"container\">\n\t\t\t\t\t<div class=\"e-con-inner\">\n\t\t\t\t<div class=\"elementor-element elementor-element-e13d121 elementor-vertical-align-top elementor-widget elementor-widget-image-box\" data-id=\"e13d121\" data-element_type=\"widget\" data-e-type=\"widget\" data-widget_type=\"image-box.default\">\n\t\t\t\t<div class=\"elementor-widget-container\">\n\t\t\t\t\t<div class=\"elementor-image-box-wrapper\"><figure class=\"elementor-image-box-img\"><img loading=\"lazy\" decoding=\"async\" width=\"751\" height=\"751\" src=\"https:\/\/conformitate.ro\/wp-content\/uploads\/2023\/06\/Suport-in-verificarea-autenticitatii@3x-1.png\" class=\"attachment-full size-full wp-image-414\" alt=\"\" srcset=\"https:\/\/conformitate.ro\/wp-content\/uploads\/2023\/06\/Suport-in-verificarea-autenticitatii@3x-1.png 751w, https:\/\/conformitate.ro\/wp-content\/uploads\/2023\/06\/Suport-in-verificarea-autenticitatii@3x-1-300x300.png 300w, https:\/\/conformitate.ro\/wp-content\/uploads\/2023\/06\/Suport-in-verificarea-autenticitatii@3x-1-150x150.png 150w\" sizes=\"(max-width: 751px) 100vw, 751px\" \/><\/figure><div class=\"elementor-image-box-content\"><p class=\"elementor-image-box-description\">Support in verifying the authenticity, accuracy, and completeness of the compliance documents for products bearing the CE mark <\/p><\/div><\/div>\t\t\t\t<\/div>\n\t\t\t\t<\/div>\n\t\t\t\t\t<\/div>\n\t\t\t\t<\/div>\n\t\t<div class=\"elementor-element elementor-element-ea44324 e-con-full e-flex e-con e-parent\" data-id=\"ea44324\" data-element_type=\"container\" data-e-type=\"container\">\n\t\t\t\t<div class=\"elementor-element elementor-element-294cedd elementor-vertical-align-top elementor-widget elementor-widget-image-box\" data-id=\"294cedd\" data-element_type=\"widget\" data-e-type=\"widget\" data-widget_type=\"image-box.default\">\n\t\t\t\t<div class=\"elementor-widget-container\">\n\t\t\t\t\t<div class=\"elementor-image-box-wrapper\"><figure class=\"elementor-image-box-img\"><img loading=\"lazy\" decoding=\"async\" width=\"751\" height=\"751\" src=\"https:\/\/conformitate.ro\/wp-content\/uploads\/2023\/06\/Intelegerea-diferentelelor@3x.png\" class=\"attachment-full size-full wp-image-415\" alt=\"\" srcset=\"https:\/\/conformitate.ro\/wp-content\/uploads\/2023\/06\/Intelegerea-diferentelelor@3x.png 751w, https:\/\/conformitate.ro\/wp-content\/uploads\/2023\/06\/Intelegerea-diferentelelor@3x-300x300.png 300w, https:\/\/conformitate.ro\/wp-content\/uploads\/2023\/06\/Intelegerea-diferentelelor@3x-150x150.png 150w\" sizes=\"(max-width: 751px) 100vw, 751px\" \/><\/figure><div class=\"elementor-image-box-content\"><p class=\"elementor-image-box-description\">Understanding the differences between voluntary compliance declarations, CE compliance declarations, and CE compliance certificates, and which is required for<\/p><\/div><\/div>\t\t\t\t<\/div>\n\t\t\t\t<\/div>\n\t\t\t\t<\/div>\n\t\t<div class=\"elementor-element elementor-element-ed1b5e5 e-con-full e-flex e-con e-parent\" data-id=\"ed1b5e5\" data-element_type=\"container\" data-e-type=\"container\">\n\t\t\t\t<div class=\"elementor-element elementor-element-f4f19de elementor-vertical-align-top elementor-widget elementor-widget-image-box\" data-id=\"f4f19de\" data-element_type=\"widget\" data-e-type=\"widget\" data-widget_type=\"image-box.default\">\n\t\t\t\t<div class=\"elementor-widget-container\">\n\t\t\t\t\t<div class=\"elementor-image-box-wrapper\"><figure class=\"elementor-image-box-img\"><img loading=\"lazy\" decoding=\"async\" width=\"751\" height=\"751\" src=\"https:\/\/conformitate.ro\/wp-content\/uploads\/2023\/06\/Modele-de-documente@3x.png\" class=\"attachment-full size-full wp-image-416\" alt=\"\" srcset=\"https:\/\/conformitate.ro\/wp-content\/uploads\/2023\/06\/Modele-de-documente@3x.png 751w, https:\/\/conformitate.ro\/wp-content\/uploads\/2023\/06\/Modele-de-documente@3x-300x300.png 300w, https:\/\/conformitate.ro\/wp-content\/uploads\/2023\/06\/Modele-de-documente@3x-150x150.png 150w\" sizes=\"(max-width: 751px) 100vw, 751px\" \/><\/figure><div class=\"elementor-image-box-content\"><p class=\"elementor-image-box-description\">Provision of document templates, organizational procedures, guidelines, codes of conduct, training to speed up the operational processes of internal compliance<\/p><\/div><\/div>\t\t\t\t<\/div>\n\t\t\t\t<\/div>\n\t\t\t\t<\/div>\n\t\t<div class=\"elementor-element elementor-element-d8da727 e-con-full e-flex e-con e-parent\" data-id=\"d8da727\" data-element_type=\"container\" data-e-type=\"container\">\n\t\t\t\t<div class=\"elementor-element elementor-element-ce6a140 elementor-vertical-align-top elementor-widget elementor-widget-image-box\" data-id=\"ce6a140\" data-element_type=\"widget\" data-e-type=\"widget\" data-widget_type=\"image-box.default\">\n\t\t\t\t<div class=\"elementor-widget-container\">\n\t\t\t\t\t<div class=\"elementor-image-box-wrapper\"><figure class=\"elementor-image-box-img\"><img loading=\"lazy\" decoding=\"async\" width=\"750\" height=\"750\" src=\"https:\/\/conformitate.ro\/wp-content\/uploads\/2023\/09\/More-time@4x.webp\" class=\"attachment-full size-full wp-image-696\" alt=\"\" srcset=\"https:\/\/conformitate.ro\/wp-content\/uploads\/2023\/09\/More-time@4x.webp 750w, https:\/\/conformitate.ro\/wp-content\/uploads\/2023\/09\/More-time@4x-300x300.webp 300w, https:\/\/conformitate.ro\/wp-content\/uploads\/2023\/09\/More-time@4x-150x150.webp 150w, https:\/\/conformitate.ro\/wp-content\/uploads\/2023\/09\/More-time@4x-12x12.webp 12w\" sizes=\"(max-width: 750px) 100vw, 750px\" \/><\/figure><div class=\"elementor-image-box-content\"><p class=\"elementor-image-box-description\">Support in the obligations you have as a product supplier in order to comply with the \"Do No Significant Harm\" principle in projects with European Funding.<\/p><\/div><\/div>\t\t\t\t<\/div>\n\t\t\t\t<\/div>\n\t\t\t\t<\/div>\n\t\t\t\t\t<\/div>\n\t\t\t\t<\/div>\n\t\t<div class=\"elementor-element elementor-element-c434fb7 e-flex e-con-boxed e-con e-parent\" data-id=\"c434fb7\" data-element_type=\"container\" data-e-type=\"container\">\n\t\t\t\t\t<div class=\"e-con-inner\">\n\t\t<div class=\"elementor-element elementor-element-ccb402e e-con-full e-flex e-con e-parent\" data-id=\"ccb402e\" data-element_type=\"container\" data-e-type=\"container\">\n\t\t\t\t<div class=\"elementor-element elementor-element-1cf7a74 elementor-widget__width-initial elementor-widget elementor-widget-text-editor\" data-id=\"1cf7a74\" data-element_type=\"widget\" data-e-type=\"widget\" data-widget_type=\"text-editor.default\">\n\t\t\t\t<div class=\"elementor-widget-container translation-block\">Our consulting services make the entire process of product compliance more efficient, safer, and more accurate.<\/div>\n\t\t\t\t<\/div>\n\t\t\t\t<div class=\"elementor-element elementor-element-97da022 elementor-align-center elementor-widget elementor-widget-button\" data-id=\"97da022\" data-element_type=\"widget\" data-e-type=\"widget\" data-widget_type=\"button.default\">\n\t\t\t\t<div class=\"elementor-widget-container\">\n\t\t\t\t\t\t\t\t\t<div class=\"elementor-button-wrapper\">\n\t\t\t\t\t<a class=\"elementor-button elementor-button-link elementor-size-sm\" href=\"https:\/\/conformitate.ro\/en\/contact\/\">\n\t\t\t\t\t\t<span class=\"elementor-button-content-wrapper\">\n\t\t\t\t\t\t\t\t\t<span class=\"elementor-button-text\">Request a personalized quote<\/span>\n\t\t\t\t\t<\/span>\n\t\t\t\t\t<\/a>\n\t\t\t\t<\/div>\n\t\t\t\t\t\t\t\t<\/div>\n\t\t\t\t<\/div>\n\t\t\t\t<\/div>\n\t\t\t\t\t<\/div>\n\t\t\t\t<\/div>\n\t\t\t\t\t<\/div>\n\t\t\t\t<\/div>\n\t\t\t\t<\/div>","protected":false},"excerpt":{"rendered":"<p>Product compliance Oferim servicii de consultan\u021b\u0103 performante \u0219i personalizate, at\u00e2t pentru a te sprijini \u00een eficientizarea proceselor interne care s\u0103 asigure conformitatea cu cerin\u021bele aplicabile conformit\u0103\u021bii produselor, c\u00e2t \u0219i pentru a completa activit\u0103\u021bile desf\u0103\u0219urate de un eventual departament de product compliance al companiei tale, \u00een vederea prevenirii introducerii pe pia\u021b\u0103 a produselor periculoase. Beneficiezi de: [&hellip;]<\/p>\n","protected":false},"author":1,"featured_media":0,"parent":158,"menu_order":0,"comment_status":"closed","ping_status":"closed","template":"","meta":{"footnotes":""},"class_list":["post-400","page","type-page","status-publish","hentry"],"blocksy_meta":[],"_links":{"self":[{"href":"https:\/\/conformitate.ro\/en\/wp-json\/wp\/v2\/pages\/400","targetHints":{"allow":["GET"]}}],"collection":[{"href":"https:\/\/conformitate.ro\/en\/wp-json\/wp\/v2\/pages"}],"about":[{"href":"https:\/\/conformitate.ro\/en\/wp-json\/wp\/v2\/types\/page"}],"author":[{"embeddable":true,"href":"https:\/\/conformitate.ro\/en\/wp-json\/wp\/v2\/users\/1"}],"replies":[{"embeddable":true,"href":"https:\/\/conformitate.ro\/en\/wp-json\/wp\/v2\/comments?post=400"}],"version-history":[{"count":0,"href":"https:\/\/conformitate.ro\/en\/wp-json\/wp\/v2\/pages\/400\/revisions"}],"up":[{"embeddable":true,"href":"https:\/\/conformitate.ro\/en\/wp-json\/wp\/v2\/pages\/158"}],"wp:attachment":[{"href":"https:\/\/conformitate.ro\/en\/wp-json\/wp\/v2\/media?parent=400"}],"curies":[{"name":"wp","href":"https:\/\/api.w.org\/{rel}","templated":true}]}}